{"id":3,"date":"2022-10-27T19:23:41","date_gmt":"2022-10-27T19:23:41","guid":{"rendered":"http:\/\/ccm.edu.mx\/?page_id=3"},"modified":"2023-02-28T00:20:59","modified_gmt":"2023-02-28T06:20:59","slug":"privacy-policy","status":"publish","type":"page","link":"https:\/\/ccm.edu.mx\/?page_id=3","title":{"rendered":"Aviso de Privacidad"},"content":{"rendered":"<p>[vc_row][vc_column]<style>.ld_spacer_69ddffc464294{height:200px;}<\/style>\n<div class=\"ld-empty-space ld_spacer_69ddffc464294\"><\/div>[vc_column_text]<\/p>\n<h2 class=\"wp-block-heading\">Aviso de Privacidad<\/h2>\n\n<p>En cumplimiento con la Ley Federal de Protecci\u00f3n de Datos Personales en Posesi\u00f3n de los Particulares, el Colegio de Ciencias Matem\u00e1ticas, con domicilio en Calzada Ignacio Zaragoza, No. 1329, Col. Tepalcates, CDMX, como usuario del sitio web, hace de su conocimiento el siguiente:<\/p>\n\n<p><strong>ACUERDO<\/strong><\/p>\n\n<p>1. Los datos personales que el titular ha proporcionado al Colegio de Ciencias Matem\u00e1ticas, se utilizar\u00e1n con los siguientes fines:<\/p>\n\n\n<ol class=\"wp-block-list\">\n<li style=\"list-style-type: none;\">\n<ol><\/p>\n<li>El correo electr\u00f3nico se utiliza para crear un perfil de los visitantes de la p\u00e1gina web.\u00danicamente para la elaboraci\u00f3n del perfil de los visitantes, el Colegio de Ciencias Matem\u00e1ticas, podr\u00e1 transferir sus datos a un tercero.<\/li>\n\n\n<li>ii.En caso de que el titular no autorice esta transferencia o de que se oponga a la misma, el Colegio de Ciencias Matem\u00e1ticas no podr\u00e1 enviarle la informaci\u00f3n que sea difundida a trav\u00e9s de terceros, pero podr\u00e1 continuar envi\u00e1ndole otro tipo de informaci\u00f3n siempre y cuando no implique la transferencia de sus datos personales a terceras personas.<\/li>\n\n\n<li>iii.En caso de no manifestarse en contra de esta transferencia, se tendr\u00e1 por aceptada de acuerdo con lo establecido en art\u00edculo 8, p\u00e1rrafo tercero, de la Ley Federal de Protecci\u00f3n de Datos Personales en Posesi\u00f3n de los Particulares.<\/li>\n<\/ol>\n<\/li>\n<\/ol>\n\n\n2. En caso de que el usuario quiera limitar el uso o divulgaci\u00f3n de sus datos, deber\u00e1 hacerlo del conocimiento al Colegio de Ciencias Matem\u00e1ticas, a trav\u00e9s de una solicitud por escrito con los datos que se especifican en el siguiente punto.<br \/>\n<p>3. Para acceder, rectificar o cancelar sus datos, as\u00ed como oponerse al uso futuro de los mismos, el usuario deber\u00e1 enviar una solicitud al Colegio de Ciencias Matem\u00e1ticas, con los siguientes datos:<\/p>\n\n\n<ol class=\"wp-block-list\">\n<li style=\"list-style-type: none;\">\n<ol><\/p>\n<li>El nombre del titular y domicilio u otro medio para comunicarle la respuesta a su solicitud;<\/li>\n\n\n<li>ii.Los documentos que acrediten la identidad o, en su caso, la representaci\u00f3n legal del titular; y<\/li>\n\n\n<li>iii.La descripci\u00f3n clara y precisa de los datos personales respecto de los que se busca ejercer alguno de los derechos antes mencionados. De acuerdo con la Ley, el Colegio de Ciencias Matem\u00e1ticas, responder\u00e1 las solicitudes en un t\u00e9rmino de 20 d\u00edas, prorrogables seg\u00fan el caso.<\/li>\n<\/ol>\n<\/li>\n<\/ol>\n\n\n<p>4. En caso de que este <strong>AVISO DE PRIVACIDAD<\/strong> cambie en sus t\u00e9rminos, el Colegio de Ciencias Matem\u00e1ticas se lo informar\u00e1 a la direcci\u00f3n de correo electr\u00f3nico que el titular de los datos asent\u00f3 en el formato.<\/p>\n\n<p>&nbsp;<\/p>\n<p>[\/vc_column_text][\/vc_column][\/vc_row][vc_row][vc_column][\/vc_column][\/vc_row]<\/p>\n","protected":false},"excerpt":{"rendered":"<p>[vc_row][vc_column][vc_column_text] Aviso de Privacidad En cumplimiento con la Ley Federal de Protecci\u00f3n de Datos Personales en Posesi\u00f3n de los Particulares, el Colegio de Ciencias Matem\u00e1ticas, con domicilio en Calzada Ignacio Zaragoza, No. 1329, Col. Tepalcates, CDMX, como usuario del sitio web, hace de su conocimiento el siguiente: ACUERDO 1. Los datos personales que el titular [&hellip;]<\/p>\n","protected":false},"author":1,"featured_media":0,"parent":0,"menu_order":0,"comment_status":"closed","ping_status":"open","template":"","meta":{"footnotes":""},"class_list":["post-3","page","type-page","status-publish","hentry"],"_links":{"self":[{"href":"https:\/\/ccm.edu.mx\/index.php?rest_route=\/wp\/v2\/pages\/3","targetHints":{"allow":["GET"]}}],"collection":[{"href":"https:\/\/ccm.edu.mx\/index.php?rest_route=\/wp\/v2\/pages"}],"about":[{"href":"https:\/\/ccm.edu.mx\/index.php?rest_route=\/wp\/v2\/types\/page"}],"author":[{"embeddable":true,"href":"https:\/\/ccm.edu.mx\/index.php?rest_route=\/wp\/v2\/users\/1"}],"replies":[{"embeddable":true,"href":"https:\/\/ccm.edu.mx\/index.php?rest_route=%2Fwp%2Fv2%2Fcomments&post=3"}],"version-history":[{"count":5,"href":"https:\/\/ccm.edu.mx\/index.php?rest_route=\/wp\/v2\/pages\/3\/revisions"}],"predecessor-version":[{"id":8753,"href":"https:\/\/ccm.edu.mx\/index.php?rest_route=\/wp\/v2\/pages\/3\/revisions\/8753"}],"wp:attachment":[{"href":"https:\/\/ccm.edu.mx\/index.php?rest_route=%2Fwp%2Fv2%2Fmedia&parent=3"}],"curies":[{"name":"wp","href":"https:\/\/api.w.org\/{rel}","templated":true}]}}