{"id":8360,"date":"2022-11-23T11:41:37","date_gmt":"2022-11-23T17:41:37","guid":{"rendered":"https:\/\/ccm.edu.mx\/?page_id=8360"},"modified":"2023-02-28T00:54:33","modified_gmt":"2023-02-28T06:54:33","slug":"help-centre-2","status":"publish","type":"page","link":"https:\/\/ccm.edu.mx\/?page_id=8360","title":{"rendered":"CON\u00d3CENOS"},"content":{"rendered":"<p>[vc_row bg_position=\u00bbcustom\u00bb enable_overlay=\u00bbyes\u00bb css=\u00bb.vc_custom_1615045138861{border-bottom-width: 2px !important;padding-top: 150px !important;padding-bottom: 80px !important;background-image: url(https:\/\/mainhub.liquid-themes.com\/staging\/wp-content\/uploads\/2019\/11\/dots-bg-1.png?id=4186) !important;background-position: 0 0 !important;background-repeat: no-repeat !important;border-bottom-color: #f0f4f5 !important;border-bottom-style: solid !important;}\u00bb bg_pos_h=\u00bb50%\u00bb bg_pos_v=\u00bb120%\u00bb overlay_bg=\u00bblinear-gradient(180deg, #eaf2f4 0.9554140127388535%, rgba(255, 255, 255, 0) 100%)\u00bb responsive_css=\u00bbpadding_top_medium:200px\u00bb][vc_column align=\u00bbtext-center\u00bb offset=\u00bbvc_col-lg-offset-3 vc_col-lg-6 vc_col-md-offset-2 vc_col-md-8&#8243; responsive_align=\u00bbtext-center\u00bb]<style>.ld_fancy_heading_69dedd411a856 h6 {font-size:15px; } .ld_fancy_heading_69dedd411a856 .lqd-highlight-inner{height:0.275em!important;bottom:0px!important;}.ld_fancy_heading_69dedd411a856 h6 {font-size:15px; } <\/style><div class=\"ld-fancy-heading text-uppercase ld_fancy_heading_69dedd411a856\">\n\t<h6 class=\"ld-fh-element lqd-highlight-underline lqd-highlight-grow-left text-decoration-default\"   >  Bienvenidos al<\/h6><\/div><style>.ld_fancy_heading_69dedd411b16b h1 {font-size:60px; } .ld_fancy_heading_69dedd411b16b h1 {margin-bottom:0.25em !important;  } .ld_fancy_heading_69dedd411b16b .lqd-highlight-inner{height:0.275em!important;bottom:0px!important;}.ld_fancy_heading_69dedd411b16b h1 {font-size:60px; } .ld_fancy_heading_69dedd411b16b h1 {margin-bottom:0.25em !important;  } <\/style><div class=\"ld-fancy-heading ld_fancy_heading_69dedd411b16b\">\n\t<h1 class=\"ld-fh-element lqd-highlight-underline lqd-highlight-grow-left text-decoration-default\"   >  Colegio de Ciencias Matem\u00e1ticas<\/h1><\/div><style>.ld_fancy_heading_69dedd411b4dc p {font-size:17px; } .ld_fancy_heading_69dedd411b4dc p {line-height:29px; } .ld_fancy_heading_69dedd411b4dc p {--element-line-height:29px; } @media (min-width: 1200px) { .ld_fancy_heading_69dedd411b4dc p {padding-right:12% !important; padding-left:12% !important;  }  } .ld_fancy_heading_69dedd411b4dc .lqd-highlight-inner{height:0.275em!important;bottom:0px!important;}.ld_fancy_heading_69dedd411b4dc p {font-size:17px; } .ld_fancy_heading_69dedd411b4dc p {line-height:29px; } .ld_fancy_heading_69dedd411b4dc p {--element-line-height:29px; } @media (min-width: 1200px) { .ld_fancy_heading_69dedd411b4dc p {padding-right:12% !important; padding-left:12% !important;  }  } <\/style><div class=\"ld-fancy-heading ld_fancy_heading_69dedd411b4dc\">\n\t<p class=\"ld-fh-element lqd-highlight-underline lqd-highlight-grow-left text-decoration-default\"   >  Una instituci\u00f3n con m\u00e1s de 30 a\u00f1os de experiencia, hemos creado cursos con planes de estudios definidos y formales que capacitan plenamente al estudiante, d\u00e1ndole la oportunidad de desarrollarse mediante Cursos Especiales para presentar ex\u00e1menes de admisi\u00f3n.<\/p><\/div>[\/vc_column][vc_column]<div class=\"ld-particles-container lqd-particles-as-bg ld_particles_69dedd411b81e\">\n\n\t<div class=\"ld-particles-inner\" id=\"lqd-1573545920395-493fe50f-7472\" data-particles=\"true\" data-particles-options='{\"particles\":{\"number\":{\"value\":4},\"color\":{\"value\":[\"#fdc14c\",\"#fda44c\",\"#4cfd89\",\"#0fbbb4\"]},\"shape\":{\"type\":[\"circle\"]},\"size\":{\"value\":4},\"move\":{\"enable\":true,\"direction\":\"right\",\"speed\":1.75,\"random\":true,\"out_mode\":\"out\"}},\"interactivity\":[],\"retina_detect\":true,\"asBG\":true}'><\/div>\t\n\n<\/div><!-- \/.particles --><div class=\"ld-particles-container lqd-particles-as-bg ld_particles_69dedd411cd27\">\n\n\t<div class=\"ld-particles-inner\" id=\"ld-1573557379206-051874b7-46df\" data-particles=\"true\" data-particles-options='{\"particles\":{\"number\":{\"value\":6},\"color\":{\"value\":\"#f7fbfc\"},\"shape\":{\"type\":[\"circle\",\"image\"],\"image\":{\"src\":\"https:\\\/\\\/ccm.edu.mx\\\/wp-content\\\/uploads\\\/2021\\\/03\\\/cloud-1.svg\",\"width\":110,\"height\":62}},\"size\":{\"value\":52,\"random\":true,\"anim\":{\"enable\":true,\"size_min\":80,\"speed\":1}},\"move\":{\"enable\":true,\"direction\":\"right\",\"speed\":1.75,\"random\":true,\"out_mode\":\"out\"}},\"interactivity\":[],\"retina_detect\":true,\"asBG\":true}'><\/div>\t\n\n<\/div><!-- \/.particles -->[\/vc_column][\/vc_row][vc_row bg_position=\u00bbcustom\u00bb css=\u00bb.vc_custom_1606474718115{padding-top: 85px !important;padding-bottom: 15px !important;background-image: url(https:\/\/mainhub.liquid-themes.com\/staging\/wp-content\/uploads\/2019\/11\/dots-bg-1.png?id=4186) !important;background-position: 0 0 !important;background-repeat: no-repeat !important;}\u00bb bg_pos_h=\u00bb50%\u00bb bg_pos_v=\u00bb-20%\u00bb][vc_column]<style>.ld_images_group_container_69dedd411e62b{position:absolute;}.ld_images_group_container_69dedd411e62b {top:-45px !important; left:10% !important;  } <\/style><div id=\"ld_images_group_container_69dedd411e62b\" class=\"lqd-imggrp-container ld_images_group_container_69dedd411e62b\"  data-move-element='{ \"target\": \".ld-container\", \"type\": \"insertBefore\" }' data-parallax=\"true\" data-parallax-from='{\"y\":48}' data-parallax-to='{\"y\":-175}' data-parallax-options='{\"overflowHidden\":false,\"ease\":\"linear\",\"start\":\"top bottom\"}'>\n\t<div class=\"lqd-imggrp-inner\">\n\t\t<div id=\"ld_images_group_element_69dedd411ea47\" class=\"lqd-imggrp-single ld_images_group_element_69dedd411ea47\"   >\n\t\n\t<div class=\"lqd-imggrp-img-container\"    >\n\t\t\n\t\t\t\t\n\t\t\t\t<figure class=\"loaded\"><img decoding=\"async\" src=\"https:\/\/ccm.edu.mx\/wp-content\/uploads\/2021\/03\/illust-1.svg\" class=\"attachment-full size-full\" alt=\"\" itemprop=\"image\" \/><\/figure>\t\t\t\t\t\t\t\t\n\t<\/div><!-- \/.lqd-imggrp-content -->\n<\/div><!-- \/.lqd-imggrp-single -->\n\t\n\t<\/div><!-- \/.lqd-imggrp-inner -->\n<\/div><!-- \/.lqd-imggrp-container -->[\/vc_column][vc_column enable_content_animation=\u00bbyes\u00bb ca_init_scale_x=\u00bb1&#8243; ca_init_scale_y=\u00bb1&#8243; ca_init_opacity=\u00bb0&#8243; ca_an_scale_x=\u00bb1&#8243; ca_an_scale_y=\u00bb1&#8243; ca_an_opacity=\u00bb1&#8243; ca_init_scale_z=\u00bb1&#8243; ca_an_scale_z=\u00bb1&#8243; offset=\u00bbvc_col-md-offset-2 vc_col-md-8&#8243; ca_duration=\u00bb1800&#8243; ca_delay=\u00bb200&#8243; ca_init_translate_y=\u00bb35&#8243;]<style>.vc_accordion_69dedd412149b .accordion-title{font-size:18px;font-weight:600;}.vc_accordion_69dedd412149b .accordion-title a{color:rgb(0, 35, 82);}.vc_accordion_69dedd412149b .accordion-title a, .vc_accordion_69dedd412149b .accordion-item{border-color:rgb(240, 242, 250);}.vc_accordion_69dedd412149b .accordion-item:not(:last-child){margin-bottom:15px;}.vc_accordion_69dedd412149b .accordion-expander{color:rgb(0, 109, 255);}<\/style><div class=\"accordion accordion-md accordion-title-underlined accordion-expander-lg vc_accordion_69dedd412149b\" id=\"vc_accordion_69dedd412149b\"\n     role=\"tablist\" aria-multiselectable=\"true\">\n\n\t            <div class=\"accordion-item panel  active \">\n\n                <div class=\"accordion-heading\" role=\"tab\" id=\"heading_ld-1573557703923-2b536dc1-8433\" data-id=\"ld-1573557703923-2b536dc1-8433\">\n                    <h4 class=\"accordion-title\" data-controls=\"ld-1573557703923-2b536dc1-8433\">\n                        <a class=\"\" data-toggle=\"collapse\"\n                           data-parent=\"#vc_accordion_69dedd412149b\" href=\"#ld-1573557703923-2b536dc1-8433\"\n                           aria-expanded=\"true\" aria-controls=\"ld-1573557703923-2b536dc1-8433\">\n\n\t\t\t\t\t\t\t\n\t\t\t\t\t\t\t\u00bfQu\u00e9 te ofrece el Colegio de Ciencias Matem\u00e1ticas?\n\t\t\t\t\t\t\t                                <span class=\"accordion-expander\">\n\t\t\t\t\t\t<i class=\"lqd-icn-ess icon-ion-ios-add\"><\/i>\n\t\t\t\t\t\t<i class=\"lqd-icn-ess icon-ion-ios-remove\"><\/i>\n\t\t\t\t\t<\/span>\n\t\t\t\t\t\t\t\n                        <\/a>\n\n                    <\/h4>\n                <\/div>\n\n                <div id=\"ld-1573557703923-2b536dc1-8433\" class=\"accordion-collapse collapse in\"\n                     role=\"tabpanel\" aria-labelledby=\"heading_ld-1573557703923-2b536dc1-8433\">\n                    <div class=\"accordion-content\">\n\t\t\t\t\t\t[vc_column_text]Cursos de preparaci\u00f3n que tienen como finalidad proporcionar los elementos necesarios para que el estudiante realice su examen de admisi\u00f3n y logre los mejores resultados.[\/vc_column_text]                    <\/div>\n                <\/div>\n            <\/div>\n\t\t\t            <div class=\"accordion-item panel  \">\n\n                <div class=\"accordion-heading\" role=\"tab\" id=\"heading_ld-1573557848857-fe47078b-be98\" data-id=\"ld-1573557848857-fe47078b-be98\">\n                    <h4 class=\"accordion-title\" data-controls=\"ld-1573557848857-fe47078b-be98\">\n                        <a class=\"collapsed\" data-toggle=\"collapse\"\n                           data-parent=\"#vc_accordion_69dedd412149b\" href=\"#ld-1573557848857-fe47078b-be98\"\n                           aria-expanded=\"false\" aria-controls=\"ld-1573557848857-fe47078b-be98\">\n\n\t\t\t\t\t\t\t\n\t\t\t\t\t\t\t\u00bfCu\u00e1l es su duraci\u00f3n?\n\t\t\t\t\t\t\t                                <span class=\"accordion-expander\">\n\t\t\t\t\t\t<i class=\"lqd-icn-ess icon-ion-ios-add\"><\/i>\n\t\t\t\t\t\t<i class=\"lqd-icn-ess icon-ion-ios-remove\"><\/i>\n\t\t\t\t\t<\/span>\n\t\t\t\t\t\t\t\n                        <\/a>\n\n                    <\/h4>\n                <\/div>\n\n                <div id=\"ld-1573557848857-fe47078b-be98\" class=\"accordion-collapse collapse\"\n                     role=\"tabpanel\" aria-labelledby=\"heading_ld-1573557848857-fe47078b-be98\">\n                    <div class=\"accordion-content\">\n\t\t\t\t\t\t[vc_column_text]Seg\u00fan los planes de estudio correspondientes; los cursos tienen una duraci\u00f3n de 100, 120 y 200 horas de clase.[\/vc_column_text]                    <\/div>\n                <\/div>\n            <\/div>\n\t\t\t            <div class=\"accordion-item panel  \">\n\n                <div class=\"accordion-heading\" role=\"tab\" id=\"heading_ld-1573557855085-a110d9e8-dd5b\" data-id=\"ld-1573557855085-a110d9e8-dd5b\">\n                    <h4 class=\"accordion-title\" data-controls=\"ld-1573557855085-a110d9e8-dd5b\">\n                        <a class=\"collapsed\" data-toggle=\"collapse\"\n                           data-parent=\"#vc_accordion_69dedd412149b\" href=\"#ld-1573557855085-a110d9e8-dd5b\"\n                           aria-expanded=\"false\" aria-controls=\"ld-1573557855085-a110d9e8-dd5b\">\n\n\t\t\t\t\t\t\t\n\t\t\t\t\t\t\t\u00bfEn qu\u00e9 horarios?\n\t\t\t\t\t\t\t                                <span class=\"accordion-expander\">\n\t\t\t\t\t\t<i class=\"lqd-icn-ess icon-ion-ios-add\"><\/i>\n\t\t\t\t\t\t<i class=\"lqd-icn-ess icon-ion-ios-remove\"><\/i>\n\t\t\t\t\t<\/span>\n\t\t\t\t\t\t\t\n                        <\/a>\n\n                    <\/h4>\n                <\/div>\n\n                <div id=\"ld-1573557855085-a110d9e8-dd5b\" class=\"accordion-collapse collapse\"\n                     role=\"tabpanel\" aria-labelledby=\"heading_ld-1573557855085-a110d9e8-dd5b\">\n                    <div class=\"accordion-content\">\n\t\t\t\t\t\t[vc_column_text]Lunes a Viernes de 8:00 a 12:00 hrs. \u00f3 de 17:00 a 20:00 hrs.<br \/>\nFines de semana de 9:00 a 14:00 hrs.[\/vc_column_text]                    <\/div>\n                <\/div>\n            <\/div>\n\t\t\t<\/div>[\/vc_column][\/vc_row][vc_row gap=\u00bb25&#8243; css=\u00bb.vc_custom_1606474843457{padding-top: 45px !important;padding-bottom: 45px !important;}\u00bb responsive_css=\u00bbpadding_bottom_medium:85px\u00bb][vc_column enable_content_animation=\u00bbyes\u00bb ca_init_scale_x=\u00bb1&#8243; ca_init_scale_y=\u00bb1&#8243; ca_init_opacity=\u00bb0&#8243; ca_an_scale_x=\u00bb1&#8243; ca_an_scale_y=\u00bb1&#8243; ca_an_opacity=\u00bb1&#8243; ca_init_scale_z=\u00bb1&#8243; ca_an_scale_z=\u00bb1&#8243; align=\u00bbtext-center\u00bb offset=\u00bbvc_col-lg-offset-3 vc_col-lg-6 vc_col-md-offset-2 vc_col-md-8&#8243; css=\u00bb.vc_custom_1606474775216{margin-bottom: 40px !important;}\u00bb ca_duration=\u00bb1800&#8243; ca_delay=\u00bb180&#8243; ca_init_translate_y=\u00bb35&#8243; responsive_align=\u00bbtext-center\u00bb]<style>.ld_fancy_heading_69dedd4121df4 h2 {font-size:40px; } .ld_fancy_heading_69dedd4121df4 h2 {margin-bottom:0.25em !important;  } .ld_fancy_heading_69dedd4121df4 .lqd-highlight-inner{height:0.275em!important;bottom:0px!important;}.ld_fancy_heading_69dedd4121df4 h2 {font-size:40px; } .ld_fancy_heading_69dedd4121df4 h2 {margin-bottom:0.25em !important;  } <\/style><div class=\"ld-fancy-heading ld_fancy_heading_69dedd4121df4\">\n\t<h2 class=\"ld-fh-element lqd-highlight-underline lqd-highlight-grow-left text-decoration-default lqd-split-lines\"   data-split-text=\"true\" data-split-options='{\"type\":\"lines\"}'>  Nuestros Planteles<\/h2><\/div><style>.ld_fancy_heading_69dedd4122ba6 p {font-size:17px; } .ld_fancy_heading_69dedd4122ba6 p {line-height:29px; } .ld_fancy_heading_69dedd4122ba6 p {--element-line-height:29px; } @media (min-width: 992px) { .ld_fancy_heading_69dedd4122ba6 p {padding-right:6.5% !important; padding-left:6.5% !important;  }  } .ld_fancy_heading_69dedd4122ba6 p {margin-bottom:1.75em !important;  } .ld_fancy_heading_69dedd4122ba6 .lqd-highlight-inner{height:0.275em!important;bottom:0px!important;}.ld_fancy_heading_69dedd4122ba6 p {font-size:17px; } .ld_fancy_heading_69dedd4122ba6 p {line-height:29px; } .ld_fancy_heading_69dedd4122ba6 p {--element-line-height:29px; } @media (min-width: 992px) { .ld_fancy_heading_69dedd4122ba6 p {padding-right:6.5% !important; padding-left:6.5% !important;  }  } .ld_fancy_heading_69dedd4122ba6 p {margin-bottom:1.75em !important;  } <\/style><div class=\"ld-fancy-heading ld_fancy_heading_69dedd4122ba6\">\n\t<p class=\"ld-fh-element lqd-highlight-underline lqd-highlight-grow-left text-decoration-default lqd-split-lines\"   data-split-text=\"true\" data-split-options='{\"type\":\"lines\"}'>  Con el objetivo de estar cerca de ti, estamos disponibles en un plantel cerca de ti.<\/p><\/div>[\/vc_column][vc_column][vc_row_inner enable_content_animation=\u00bbyes\u00bb ca_init_scale_x=\u00bb0.75&#8243; ca_init_scale_y=\u00bb0.75&#8243; ca_init_opacity=\u00bb0&#8243; ca_an_scale_x=\u00bb1&#8243; ca_an_scale_y=\u00bb1&#8243; ca_an_opacity=\u00bb1&#8243; ca_init_scale_z=\u00bb1&#8243; ca_an_scale_z=\u00bb1&#8243; ca_duration=\u00bb1800&#8243; ca_delay=\u00bb180&#8243; ca_init_translate_y=\u00bb35&#8243;][vc_column_inner width=\u00bb1\/3&#8243; offset=\u00bbvc_col-md-4&#8243;]<style>.ld_icon_box_69dedd41240f5 .iconbox-icon-container{color:rgb(17, 108, 222);font-size:45px;margin-bottom:23px !important;width:85px !important;height:85px !important;background:rgba(17, 108, 222, 0.09);border-radius:px;}.ld_icon_box_69dedd41240f5 .iconbox-icon-container:before{border-color:rgba(17, 108, 222, 0.09);}.ld_icon_box_69dedd41240f5 .lqd-iconbox-title{margin-bottom:px;}.ld_icon_box_69dedd41240f5{background:rgb(255, 255, 255);}<\/style>\n<div class=\"iconbox text-align-default iconbox-round iconbox-shadow iconbox-circle iconbox-heading-xs iconbox-filled ld_icon_box_69dedd41240f5 vc_custom_1669929296384\" id=\"ld_icon_box_69dedd41240f5\"  data-animate-icon=\"true\" data-plugin-options='{\"color\":\"rgb(17, 108, 222)\"}'  >\n\t\n\t\t\t\t\t\n\t\n\t<div class=\"iconbox-icon-wrap\"><span class=\"iconbox-icon-container\"><i class=\"lqd-icn-ess icon-lqd-atom\"><\/i><\/span><\/div>\t\n\t\t\n\t<div class=\"contents\">\t\n\t\t\n\t<h3 class=\"lqd-iconbox-title \">Plantel Zaragoza MB Canal de San Ju\u00e1n<\/h3>\t<p>Calzada I. Zaragoza 1329, Col. Tepalcates, Alcald\u00eda, Iztapalapa, 09210<\/p>\n<p>55-5756-4938 y 55-5763-5628<\/p>\n\t<style>.ld_button_69dedd4126195.btn-icon-solid .btn-icon{background:rgb(0, 0, 0);}.ld_button_69dedd4126195.btn-icon-circle.btn-icon-ripple .btn-icon:before{border-color:rgb(0, 0, 0);}.ld_button_69dedd4126195{color:rgb(0, 0, 0);}.ld_button_69dedd4126195:before{background:rgb(239, 239, 239);}.ld_button_69dedd4126195.btn-bordered{border-color:rgb(239, 239, 239);}<\/style><a href=\"#\" class=\"btn btn-underlined border-thick btn-has-label ld_button_69dedd4126195\" >\n\t<span>\n\t\t\n\t\t\t\t\t<span class=\"btn-txt\" data-text=\"WhatsApp 55-4835-0704\" >WhatsApp 55-4835-0704<\/span>\n\t\t\t\n\t\t\t\t\t<\/span>\n<\/a>\n\t\n\t<\/div>\t\n\t\n<\/div>\n[\/vc_column_inner][vc_column_inner width=\u00bb1\/3&#8243; offset=\u00bbvc_col-md-4&#8243;]<style>.ld_icon_box_69dedd4127864 .iconbox-icon-container{color:rgb(17, 108, 222);font-size:45px;margin-bottom:23px !important;width:85px !important;height:85px !important;background:rgba(17, 108, 222, 0.1);border-radius:px;}.ld_icon_box_69dedd4127864 .iconbox-icon-container:before{border-color:rgba(17, 108, 222, 0.1);}.ld_icon_box_69dedd4127864 .lqd-iconbox-title{margin-bottom:px;}.ld_icon_box_69dedd4127864{background:rgb(255, 255, 255);}<\/style>\n<div class=\"iconbox text-align-default iconbox-round iconbox-shadow iconbox-circle iconbox-heading-xs iconbox-filled ld_icon_box_69dedd4127864 vc_custom_1669929309646\" id=\"ld_icon_box_69dedd4127864\"  data-animate-icon=\"true\" data-plugin-options='{\"color\":\"rgb(17, 108, 222)\"}'  >\n\t\n\t\t\t\t\t\n\t\n\t<div class=\"iconbox-icon-wrap\"><span class=\"iconbox-icon-container\"><i class=\"lqd-icn-ess icon-lqd-atom\"><\/i><\/span><\/div>\t\n\t\t\n\t<div class=\"contents\">\t\n\t\t\n\t<h3 class=\"lqd-iconbox-title \">Plantel Villa Coapa Atr\u00e1s de Galer\u00edas Coapa<\/h3>\t<p>Parma N\u00b03 Esq. Tenorios, Col. Ex Hacienda de Coapa,<br \/>\nAlcald\u00eda Tlalpan, 14300<\/p>\n<p>55-5677-9934 y 55-5677-9209<\/p>\n\t<style>.ld_button_69dedd4128d69.btn-icon-solid .btn-icon{background:rgb(0, 0, 0);}.ld_button_69dedd4128d69.btn-icon-circle.btn-icon-ripple .btn-icon:before{border-color:rgb(0, 0, 0);}.ld_button_69dedd4128d69{color:rgb(0, 0, 0);}.ld_button_69dedd4128d69:before{background:rgb(239, 239, 239);}.ld_button_69dedd4128d69.btn-bordered{border-color:rgb(239, 239, 239);}<\/style><a href=\"#\" class=\"btn btn-underlined border-thick btn-has-label ld_button_69dedd4128d69\" >\n\t<span>\n\t\t\n\t\t\t\t\t<span class=\"btn-txt\" data-text=\"WhatsApp 55-5332-2809\" >WhatsApp 55-5332-2809<\/span>\n\t\t\t\n\t\t\t\t\t<\/span>\n<\/a>\n\t\n\t<\/div>\t\n\t\n<\/div>\n[\/vc_column_inner][vc_column_inner width=\u00bb1\/3&#8243;]<style>.ld_icon_box_69dedd412a3e2 .iconbox-icon-container{color:rgb(17, 108, 222);font-size:45px;margin-bottom:23px !important;width:85px !important;height:85px !important;background:rgba(17, 108, 222, 0.1);border-radius:px;}.ld_icon_box_69dedd412a3e2 .iconbox-icon-container:before{border-color:rgba(17, 108, 222, 0.1);}.ld_icon_box_69dedd412a3e2 .lqd-iconbox-title{margin-bottom:px;}.ld_icon_box_69dedd412a3e2{background:rgb(255, 255, 255);}<\/style>\n<div class=\"iconbox text-align-default iconbox-round iconbox-shadow iconbox-circle iconbox-heading-xs iconbox-filled ld_icon_box_69dedd412a3e2 vc_custom_1670204214084\" id=\"ld_icon_box_69dedd412a3e2\"  data-animate-icon=\"true\" data-plugin-options='{\"color\":\"rgb(17, 108, 222)\"}'  >\n\t\n\t\t\t\t\t\n\t\n\t<div class=\"iconbox-icon-wrap\"><span class=\"iconbox-icon-container\"><i class=\"lqd-icn-ess icon-lqd-atom\"><\/i><\/span><\/div>\t\n\t\t\n\t<div class=\"contents\">\t\n\t\t\n\t<h3 class=\"lqd-iconbox-title \">No te quedes sin tu lugar!!<\/h3>\t<p>Recuerda que tenemos much\u00edsimas fechas que se ajustan a tus calendarios escolares.<\/p>\n\t<style>.ld_button_69dedd412bb65.btn-icon-solid .btn-icon{background:rgb(0, 0, 0);}.ld_button_69dedd412bb65.btn-icon-circle.btn-icon-ripple .btn-icon:before{border-color:rgb(0, 0, 0);}.ld_button_69dedd412bb65{color:rgb(0, 0, 0);}.ld_button_69dedd412bb65:before{background:rgb(239, 239, 239);}.ld_button_69dedd412bb65.btn-bordered{border-color:rgb(239, 239, 239);}<\/style><a href=\"#\" class=\"btn btn-underlined border-thick btn-no-label ld_button_69dedd412bb65\" >\n\t<span>\n\t\t\n\t\t\t\n\t\t\t\t\t<\/span>\n<\/a>\n\t\n\t<\/div>\t\n\t\n<\/div>\n[\/vc_column_inner][\/vc_row_inner][\/vc_column][\/vc_row]<\/p>\n","protected":false},"excerpt":{"rendered":"<p>[vc_row bg_position=\u00bbcustom\u00bb enable_overlay=\u00bbyes\u00bb css=\u00bb.vc_custom_1615045138861{border-bottom-width: 2px !important;padding-top: 150px !important;padding-bottom: 80px !important;background-image: url(https:\/\/mainhub.liquid-themes.com\/staging\/wp-content\/uploads\/2019\/11\/dots-bg-1.png?id=4186) !important;background-position: 0 0 !important;background-repeat: no-repeat !important;border-bottom-color: #f0f4f5 !important;border-bottom-style: solid !important;}\u00bb bg_pos_h=\u00bb50%\u00bb bg_pos_v=\u00bb120%\u00bb overlay_bg=\u00bblinear-gradient(180deg, #eaf2f4 0.9554140127388535%, rgba(255, 255, 255, 0) 100%)\u00bb responsive_css=\u00bbpadding_top_medium:200px\u00bb][vc_column align=\u00bbtext-center\u00bb offset=\u00bbvc_col-lg-offset-3 vc_col-lg-6 vc_col-md-offset-2 vc_col-md-8&#8243; responsive_align=\u00bbtext-center\u00bb][\/vc_column][vc_column][\/vc_column][\/vc_row][vc_row bg_position=\u00bbcustom\u00bb css=\u00bb.vc_custom_1606474718115{padding-top: 85px !important;padding-bottom: 15px !important;background-image: url(https:\/\/mainhub.liquid-themes.com\/staging\/wp-content\/uploads\/2019\/11\/dots-bg-1.png?id=4186) !important;background-position: 0 0 !important;background-repeat: no-repeat !important;}\u00bb bg_pos_h=\u00bb50%\u00bb bg_pos_v=\u00bb-20%\u00bb][vc_column][\/vc_column][vc_column enable_content_animation=\u00bbyes\u00bb ca_init_scale_x=\u00bb1&#8243; [&hellip;]<\/p>\n","protected":false},"author":1,"featured_media":0,"parent":0,"menu_order":0,"comment_status":"closed","ping_status":"closed","template":"","meta":{"footnotes":""},"class_list":["post-8360","page","type-page","status-publish","hentry"],"_links":{"self":[{"href":"https:\/\/ccm.edu.mx\/index.php?rest_route=\/wp\/v2\/pages\/8360","targetHints":{"allow":["GET"]}}],"collection":[{"href":"https:\/\/ccm.edu.mx\/index.php?rest_route=\/wp\/v2\/pages"}],"about":[{"href":"https:\/\/ccm.edu.mx\/index.php?rest_route=\/wp\/v2\/types\/page"}],"author":[{"embeddable":true,"href":"https:\/\/ccm.edu.mx\/index.php?rest_route=\/wp\/v2\/users\/1"}],"replies":[{"embeddable":true,"href":"https:\/\/ccm.edu.mx\/index.php?rest_route=%2Fwp%2Fv2%2Fcomments&post=8360"}],"version-history":[{"count":14,"href":"https:\/\/ccm.edu.mx\/index.php?rest_route=\/wp\/v2\/pages\/8360\/revisions"}],"predecessor-version":[{"id":8767,"href":"https:\/\/ccm.edu.mx\/index.php?rest_route=\/wp\/v2\/pages\/8360\/revisions\/8767"}],"wp:attachment":[{"href":"https:\/\/ccm.edu.mx\/index.php?rest_route=%2Fwp%2Fv2%2Fmedia&parent=8360"}],"curies":[{"name":"wp","href":"https:\/\/api.w.org\/{rel}","templated":true}]}}